{"id":110,"date":"2024-04-03T11:49:02","date_gmt":"2024-04-03T11:49:02","guid":{"rendered":"https:\/\/www.janosiagnes.com\/?page_id=110"},"modified":"2026-02-16T21:36:32","modified_gmt":"2026-02-16T21:36:32","slug":"taylor-made-garments","status":"publish","type":"page","link":"https:\/\/www.janosiagnes.com\/index.php\/taylor-made-garments\/","title":{"rendered":"Taylor made garments"},"content":{"rendered":"\t\t<div data-elementor-type=\"wp-page\" data-elementor-id=\"110\" class=\"elementor elementor-110\" data-elementor-post-type=\"page\">\n\t\t\t\t\t\t<section class=\"elementor-section elementor-top-section elementor-element elementor-element-8149ff9 elementor-section-boxed elementor-section-height-default elementor-section-height-default\" data-id=\"8149ff9\" data-element_type=\"section\" data-e-type=\"section\">\n\t\t\t\t\t\t<div class=\"elementor-container elementor-column-gap-default\">\n\t\t\t\t\t<div class=\"elementor-column elementor-col-100 elementor-top-column elementor-element elementor-element-43c91b8\" data-id=\"43c91b8\" data-element_type=\"column\" data-e-type=\"column\">\n\t\t\t<div class=\"elementor-widget-wrap elementor-element-populated\">\n\t\t\t\t\t\t<div class=\"elementor-element elementor-element-a6bf889 elementor-widget elementor-widget-spacer\" data-id=\"a6bf889\" data-element_type=\"widget\" data-e-type=\"widget\" data-widget_type=\"spacer.default\">\n\t\t\t\t<div class=\"elementor-widget-container\">\n\t\t\t\t\t\t\t<div class=\"elementor-spacer\">\n\t\t\t<div class=\"elementor-spacer-inner\"><\/div>\n\t\t<\/div>\n\t\t\t\t\t\t<\/div>\n\t\t\t\t<\/div>\n\t\t\t\t\t<\/div>\n\t\t<\/div>\n\t\t\t\t\t<\/div>\n\t\t<\/section>\n\t\t\t\t<section class=\"elementor-section elementor-top-section elementor-element elementor-element-a970603 elementor-section-boxed elementor-section-height-default elementor-section-height-default\" data-id=\"a970603\" data-element_type=\"section\" data-e-type=\"section\">\n\t\t\t\t\t\t<div class=\"elementor-container elementor-column-gap-default\">\n\t\t\t\t\t<div class=\"elementor-column elementor-col-100 elementor-top-column elementor-element elementor-element-7faa8c6\" data-id=\"7faa8c6\" data-element_type=\"column\" data-e-type=\"column\">\n\t\t\t<div class=\"elementor-widget-wrap elementor-element-populated\">\n\t\t\t\t\t\t<div class=\"elementor-element elementor-element-4eea060 elementor-widget elementor-widget-heading\" data-id=\"4eea060\" data-element_type=\"widget\" data-e-type=\"widget\" data-widget_type=\"heading.default\">\n\t\t\t\t<div class=\"elementor-widget-container\">\n\t\t\t\t\t<h2 class=\"elementor-heading-title elementor-size-default\">FIT MEASUREMENTS:<\/h2>\t\t\t\t<\/div>\n\t\t\t\t<\/div>\n\t\t\t\t\t<\/div>\n\t\t<\/div>\n\t\t\t\t\t<\/div>\n\t\t<\/section>\n\t\t\t\t<section class=\"elementor-section elementor-top-section elementor-element elementor-element-92c077b elementor-section-boxed elementor-section-height-default elementor-section-height-default\" data-id=\"92c077b\" data-element_type=\"section\" data-e-type=\"section\">\n\t\t\t\t\t\t<div class=\"elementor-container elementor-column-gap-default\">\n\t\t\t\t\t<div class=\"elementor-column elementor-col-100 elementor-top-column elementor-element elementor-element-9f49fb0\" data-id=\"9f49fb0\" data-element_type=\"column\" data-e-type=\"column\">\n\t\t\t<div class=\"elementor-widget-wrap elementor-element-populated\">\n\t\t\t\t\t\t<div class=\"elementor-element elementor-element-3a324ea elementor-widget elementor-widget-text-editor\" data-id=\"3a324ea\" data-element_type=\"widget\" data-e-type=\"widget\" data-widget_type=\"text-editor.default\">\n\t\t\t\t<div class=\"elementor-widget-container\">\n\t\t\t\t\t\t\t\t\t<p>READY TO SHIP:\u00a0other sizes and colours are open for PRE-ORDERS, please allow 14 days for the order to be made.<\/p>\t\t\t\t\t\t\t\t<\/div>\n\t\t\t\t<\/div>\n\t\t\t\t\t<\/div>\n\t\t<\/div>\n\t\t\t\t\t<\/div>\n\t\t<\/section>\n\t\t\t\t<section class=\"elementor-section elementor-top-section elementor-element elementor-element-6acf4dd elementor-section-full_width elementor-section-height-default elementor-section-height-default\" data-id=\"6acf4dd\" data-element_type=\"section\" data-e-type=\"section\">\n\t\t\t\t\t\t<div class=\"elementor-container elementor-column-gap-default\">\n\t\t\t\t\t<div class=\"elementor-column elementor-col-100 elementor-top-column elementor-element elementor-element-de74e32\" data-id=\"de74e32\" data-element_type=\"column\" data-e-type=\"column\">\n\t\t\t<div class=\"elementor-widget-wrap elementor-element-populated\">\n\t\t\t\t\t\t<div class=\"elementor-element elementor-element-560437c elementor-widget elementor-widget-image\" data-id=\"560437c\" data-element_type=\"widget\" data-e-type=\"widget\" data-widget_type=\"image.default\">\n\t\t\t\t<div class=\"elementor-widget-container\">\n\t\t\t\t\t\t\t\t\t\t\t\t\t\t\t\t<a href=\"http:\/\/www.janosiagnes.com\/wp-content\/uploads\/2024\/07\/WhatsApp-Image-2024-11-10-at-14.42.10.jpeg\" data-elementor-open-lightbox=\"yes\" data-e-action-hash=\"#elementor-action%3Aaction%3Dlightbox%26settings%3DeyJpZCI6MTk2NiwidXJsIjoiaHR0cHM6XC9cL3d3dy5qYW5vc2lhZ25lcy5jb21cL3dwLWNvbnRlbnRcL3VwbG9hZHNcLzIwMjRcLzA3XC9XaGF0c0FwcC1JbWFnZS0yMDI0LTExLTEwLWF0LTE0LjQyLjEwLmpwZWcifQ%3D%3D\">\n\t\t\t\t\t\t\t<img fetchpriority=\"high\" decoding=\"async\" width=\"1600\" height=\"800\" src=\"https:\/\/www.janosiagnes.com\/wp-content\/uploads\/2024\/07\/WhatsApp-Image-2024-11-10-at-14.42.10.jpeg\" class=\"attachment-full size-full wp-image-1966\" alt=\"MEASUREMENTS\" srcset=\"https:\/\/www.janosiagnes.com\/wp-content\/uploads\/2024\/07\/WhatsApp-Image-2024-11-10-at-14.42.10.jpeg 1600w, https:\/\/www.janosiagnes.com\/wp-content\/uploads\/2024\/07\/WhatsApp-Image-2024-11-10-at-14.42.10-300x150.jpeg 300w, https:\/\/www.janosiagnes.com\/wp-content\/uploads\/2024\/07\/WhatsApp-Image-2024-11-10-at-14.42.10-1024x512.jpeg 1024w, https:\/\/www.janosiagnes.com\/wp-content\/uploads\/2024\/07\/WhatsApp-Image-2024-11-10-at-14.42.10-768x384.jpeg 768w, https:\/\/www.janosiagnes.com\/wp-content\/uploads\/2024\/07\/WhatsApp-Image-2024-11-10-at-14.42.10-1536x768.jpeg 1536w, https:\/\/www.janosiagnes.com\/wp-content\/uploads\/2024\/07\/WhatsApp-Image-2024-11-10-at-14.42.10-600x300.jpeg 600w\" sizes=\"(max-width: 1600px) 100vw, 1600px\" \/>\t\t\t\t\t\t\t\t<\/a>\n\t\t\t\t\t\t\t\t\t\t\t\t\t\t\t<\/div>\n\t\t\t\t<\/div>\n\t\t\t\t\t<\/div>\n\t\t<\/div>\n\t\t\t\t\t<\/div>\n\t\t<\/section>\n\t\t\t\t<section class=\"elementor-section elementor-top-section elementor-element elementor-element-1f89b99 elementor-section-boxed elementor-section-height-default elementor-section-height-default\" data-id=\"1f89b99\" data-element_type=\"section\" data-e-type=\"section\">\n\t\t\t\t\t\t<div class=\"elementor-container elementor-column-gap-default\">\n\t\t\t\t\t<div class=\"elementor-column elementor-col-100 elementor-top-column elementor-element elementor-element-a0649ba\" data-id=\"a0649ba\" data-element_type=\"column\" data-e-type=\"column\">\n\t\t\t<div class=\"elementor-widget-wrap elementor-element-populated\">\n\t\t\t\t\t\t<div class=\"elementor-element elementor-element-578c19f elementor-widget elementor-widget-spacer\" data-id=\"578c19f\" data-element_type=\"widget\" data-e-type=\"widget\" data-widget_type=\"spacer.default\">\n\t\t\t\t<div class=\"elementor-widget-container\">\n\t\t\t\t\t\t\t<div class=\"elementor-spacer\">\n\t\t\t<div class=\"elementor-spacer-inner\"><\/div>\n\t\t<\/div>\n\t\t\t\t\t\t<\/div>\n\t\t\t\t<\/div>\n\t\t\t\t\t<\/div>\n\t\t<\/div>\n\t\t\t\t\t<\/div>\n\t\t<\/section>\n\t\t\t\t<section class=\"elementor-section elementor-top-section elementor-element elementor-element-2311d26 elementor-section-boxed elementor-section-height-default elementor-section-height-default\" data-id=\"2311d26\" data-element_type=\"section\" data-e-type=\"section\">\n\t\t\t\t\t\t<div class=\"elementor-container elementor-column-gap-default\">\n\t\t\t\t\t<div class=\"elementor-column elementor-col-50 elementor-top-column elementor-element elementor-element-fbf5f4a\" data-id=\"fbf5f4a\" data-element_type=\"column\" data-e-type=\"column\">\n\t\t\t<div class=\"elementor-widget-wrap elementor-element-populated\">\n\t\t\t\t\t\t<div class=\"elementor-element elementor-element-b5e8cad elementor-widget elementor-widget-text-editor\" data-id=\"b5e8cad\" data-element_type=\"widget\" data-e-type=\"widget\" data-widget_type=\"text-editor.default\">\n\t\t\t\t<div class=\"elementor-widget-container\">\n\t\t\t\t\t\t\t\t\t<p>Egyedi megrendel\u00e9sek<\/p><p>Egyedi, szem\u00e9lyre szabott ruhadarabokat is k\u00e9sz\u00edtek, amelyek a visel\u0151 test\u00e9nek egyedis\u00e9g\u00e9re \u00e9s jelenl\u00e9t\u00e9re form\u00e1l\u00f3dnak. Minden megrendel\u00e9s gondos m\u00e9retv\u00e9tellel \u00e9s figyelmes egyeztet\u00e9ssel kezd\u0151dik, hogy a ruhadarab harm\u00f3ni\u00e1ban sz\u00fclethessen meg az egy\u00e9ni ar\u00e1nyokkal \u00e9s bels\u0151 sz\u00e1nd\u00e9kkal.<\/p><p>A csatolt m\u00e9retv\u00e9teli illusztr\u00e1ci\u00f3 \u00fatmutat\u00f3k\u00e9nt szolg\u00e1l, ahol a test v\u00e1lik a tervez\u00e9si folyamat kiindul\u00f3pontj\u00e1v\u00e1. Minden darab k\u00e9zzel k\u00e9sz\u00fcl, term\u00e9szetes anyagokb\u00f3l, mag\u00e1n hordozva az id\u0151, az \u00e9rint\u00e9s \u00e9s a figyelem lenyomat\u00e1t. Ezek a ruh\u00e1k nem ism\u00e9tl\u00e9sek, hanem egyedi form\u00e1k \u2013 mozg\u00e1sra, l\u00e9legz\u00e9sre \u00e9s a visel\u0151h\u00f6z val\u00f3 tartoz\u00e1sra teremtve.<\/p><p>Egyedi megrendel\u00e9ssel kapcsolatban k\u00e9rlek, vedd fel velem a kapcsolatot a Kapcsolat men\u00fcponton kereszt\u00fcl.<\/p>\t\t\t\t\t\t\t\t<\/div>\n\t\t\t\t<\/div>\n\t\t\t\t\t<\/div>\n\t\t<\/div>\n\t\t\t\t<div class=\"elementor-column elementor-col-50 elementor-top-column elementor-element elementor-element-bdadb9e\" data-id=\"bdadb9e\" data-element_type=\"column\" data-e-type=\"column\">\n\t\t\t<div class=\"elementor-widget-wrap elementor-element-populated\">\n\t\t\t\t\t\t<div class=\"elementor-element elementor-element-69d3ecc elementor-widget elementor-widget-text-editor\" data-id=\"69d3ecc\" data-element_type=\"widget\" data-e-type=\"widget\" data-widget_type=\"text-editor.default\">\n\t\t\t\t<div class=\"elementor-widget-container\">\n\t\t\t\t\t\t\t\t\t<p>Tailor Made Garments<\/p><p>I also create tailor-made garments shaped around the unique body and presence of the wearer.<\/p><p>Each custom piece begins with careful measurement and attentive listening, allowing the garment to emerge in harmony with individual proportions and personal intention. Using the attached measurement illustration as a guide, your body becomes the starting point of the design process.<\/p><p>Every piece is handmade from natural materials, carrying the marks of time, touch, and intention. These garments are not replicas, but singular forms\u2014created to move, breathe, and belong to the person who wears them. For custom inquiries, please reach out through the Contact section.<\/p>\t\t\t\t\t\t\t\t<\/div>\n\t\t\t\t<\/div>\n\t\t\t\t\t<\/div>\n\t\t<\/div>\n\t\t\t\t\t<\/div>\n\t\t<\/section>\n\t\t\t\t<\/div>\n\t\t","protected":false},"excerpt":{"rendered":"<p>FIT MEASUREMENTS: READY TO SHIP:\u00a0other sizes and colours are open for PRE-ORDERS, please allow 14 days for the order to be made. Egyedi megrendel\u00e9sek Egyedi, szem\u00e9lyre szabott ruhadarabokat is k\u00e9sz\u00edtek, [&hellip;]<\/p>\n","protected":false},"author":1,"featured_media":0,"parent":0,"menu_order":0,"comment_status":"closed","ping_status":"closed","template":"elementor_header_footer","meta":{"footnotes":""},"class_list":["post-110","page","type-page","status-publish","hentry"],"_links":{"self":[{"href":"https:\/\/www.janosiagnes.com\/index.php\/wp-json\/wp\/v2\/pages\/110","targetHints":{"allow":["GET"]}}],"collection":[{"href":"https:\/\/www.janosiagnes.com\/index.php\/wp-json\/wp\/v2\/pages"}],"about":[{"href":"https:\/\/www.janosiagnes.com\/index.php\/wp-json\/wp\/v2\/types\/page"}],"author":[{"embeddable":true,"href":"https:\/\/www.janosiagnes.com\/index.php\/wp-json\/wp\/v2\/users\/1"}],"replies":[{"embeddable":true,"href":"https:\/\/www.janosiagnes.com\/index.php\/wp-json\/wp\/v2\/comments?post=110"}],"version-history":[{"count":23,"href":"https:\/\/www.janosiagnes.com\/index.php\/wp-json\/wp\/v2\/pages\/110\/revisions"}],"predecessor-version":[{"id":2061,"href":"https:\/\/www.janosiagnes.com\/index.php\/wp-json\/wp\/v2\/pages\/110\/revisions\/2061"}],"wp:attachment":[{"href":"https:\/\/www.janosiagnes.com\/index.php\/wp-json\/wp\/v2\/media?parent=110"}],"curies":[{"name":"wp","href":"https:\/\/api.w.org\/{rel}","templated":true}]}}