{"id":472,"date":"2024-04-03T14:38:23","date_gmt":"2024-04-03T14:38:23","guid":{"rendered":"https:\/\/www.janosiagnes.com\/?page_id=472"},"modified":"2026-02-16T21:27:59","modified_gmt":"2026-02-16T21:27:59","slug":"eco-print","status":"publish","type":"page","link":"https:\/\/www.janosiagnes.com\/index.php\/eco-print\/","title":{"rendered":"Eco-print"},"content":{"rendered":"\t\t<div data-elementor-type=\"wp-page\" data-elementor-id=\"472\" class=\"elementor elementor-472\" data-elementor-post-type=\"page\">\n\t\t\t\t\t\t<section class=\"elementor-section elementor-top-section elementor-element elementor-element-c4c2ae1 elementor-section-boxed elementor-section-height-default elementor-section-height-default\" data-id=\"c4c2ae1\" data-element_type=\"section\" data-e-type=\"section\">\n\t\t\t\t\t\t<div class=\"elementor-container elementor-column-gap-default\">\n\t\t\t\t\t<div class=\"elementor-column elementor-col-100 elementor-top-column elementor-element elementor-element-0a09225\" data-id=\"0a09225\" data-element_type=\"column\" data-e-type=\"column\">\n\t\t\t<div class=\"elementor-widget-wrap\">\n\t\t\t\t\t\t\t<\/div>\n\t\t<\/div>\n\t\t\t\t\t<\/div>\n\t\t<\/section>\n\t\t\t\t<section class=\"elementor-section elementor-top-section elementor-element elementor-element-797d85a1 elementor-section-full_width elementor-section-height-default elementor-section-height-default\" data-id=\"797d85a1\" data-element_type=\"section\" data-e-type=\"section\">\n\t\t\t\t\t\t<div class=\"elementor-container elementor-column-gap-no\">\n\t\t\t\t\t<div class=\"elementor-column elementor-col-100 elementor-top-column elementor-element elementor-element-41475d7f\" data-id=\"41475d7f\" data-element_type=\"column\" data-e-type=\"column\">\n\t\t\t<div class=\"elementor-widget-wrap elementor-element-populated\">\n\t\t\t\t\t\t<div class=\"elementor-element elementor-element-524755bb elementor-widget elementor-widget-spacer\" data-id=\"524755bb\" data-element_type=\"widget\" data-e-type=\"widget\" data-widget_type=\"spacer.default\">\n\t\t\t\t<div class=\"elementor-widget-container\">\n\t\t\t\t\t\t\t<div class=\"elementor-spacer\">\n\t\t\t<div class=\"elementor-spacer-inner\"><\/div>\n\t\t<\/div>\n\t\t\t\t\t\t<\/div>\n\t\t\t\t<\/div>\n\t\t\t\t\t<\/div>\n\t\t<\/div>\n\t\t\t\t\t<\/div>\n\t\t<\/section>\n\t\t\t\t<section class=\"elementor-section elementor-top-section elementor-element elementor-element-6af831a5 elementor-section-full_width elementor-section-height-default elementor-section-height-default\" data-id=\"6af831a5\" data-element_type=\"section\" data-e-type=\"section\">\n\t\t\t\t\t\t<div class=\"elementor-container elementor-column-gap-no\">\n\t\t\t\t\t<div class=\"elementor-column elementor-col-100 elementor-top-column elementor-element elementor-element-389bc367\" data-id=\"389bc367\" data-element_type=\"column\" data-e-type=\"column\">\n\t\t\t<div class=\"elementor-widget-wrap\">\n\t\t\t\t\t\t\t<\/div>\n\t\t<\/div>\n\t\t\t\t\t<\/div>\n\t\t<\/section>\n\t\t\t\t<section class=\"elementor-section elementor-top-section elementor-element elementor-element-0a8515c elementor-section-full_width elementor-section-height-default elementor-section-height-default\" data-id=\"0a8515c\" data-element_type=\"section\" data-e-type=\"section\">\n\t\t\t\t\t\t<div class=\"elementor-container elementor-column-gap-default\">\n\t\t\t\t\t<div class=\"elementor-column elementor-col-100 elementor-top-column elementor-element elementor-element-1cf51d2\" data-id=\"1cf51d2\" data-element_type=\"column\" data-e-type=\"column\">\n\t\t\t<div class=\"elementor-widget-wrap elementor-element-populated\">\n\t\t\t\t\t\t<div class=\"elementor-element elementor-element-3b1e4fed elementor-widget__width-initial elementor-widget elementor-widget-video\" data-id=\"3b1e4fed\" data-element_type=\"widget\" data-e-type=\"widget\" data-settings=\"{&quot;youtube_url&quot;:&quot;https:\\\/\\\/www.youtube.com\\\/watch?v=gBB-Xs7giFs&amp;ab_channel=%C3%81gnesJ%C3%A1nosi&quot;,&quot;autoplay&quot;:&quot;yes&quot;,&quot;play_on_mobile&quot;:&quot;yes&quot;,&quot;mute&quot;:&quot;yes&quot;,&quot;loop&quot;:&quot;yes&quot;,&quot;video_type&quot;:&quot;youtube&quot;,&quot;controls&quot;:&quot;yes&quot;}\" data-widget_type=\"video.default\">\n\t\t\t\t<div class=\"elementor-widget-container\">\n\t\t\t\t\t\t\t<div class=\"elementor-wrapper elementor-open-inline\">\n\t\t\t<div class=\"elementor-video\"><\/div>\t\t<\/div>\n\t\t\t\t\t\t<\/div>\n\t\t\t\t<\/div>\n\t\t\t\t\t<\/div>\n\t\t<\/div>\n\t\t\t\t\t<\/div>\n\t\t<\/section>\n\t\t\t\t<section class=\"elementor-section elementor-top-section elementor-element elementor-element-abc9ff3 elementor-section-boxed elementor-section-height-default elementor-section-height-default\" data-id=\"abc9ff3\" data-element_type=\"section\" data-e-type=\"section\">\n\t\t\t\t\t\t<div class=\"elementor-container elementor-column-gap-default\">\n\t\t\t\t\t<div class=\"elementor-column elementor-col-100 elementor-top-column elementor-element elementor-element-31e3a88\" data-id=\"31e3a88\" data-element_type=\"column\" data-e-type=\"column\">\n\t\t\t<div class=\"elementor-widget-wrap elementor-element-populated\">\n\t\t\t\t\t\t<div class=\"elementor-element elementor-element-52ffc62 elementor-widget elementor-widget-spacer\" data-id=\"52ffc62\" data-element_type=\"widget\" data-e-type=\"widget\" data-widget_type=\"spacer.default\">\n\t\t\t\t<div class=\"elementor-widget-container\">\n\t\t\t\t\t\t\t<div class=\"elementor-spacer\">\n\t\t\t<div class=\"elementor-spacer-inner\"><\/div>\n\t\t<\/div>\n\t\t\t\t\t\t<\/div>\n\t\t\t\t<\/div>\n\t\t\t\t\t<\/div>\n\t\t<\/div>\n\t\t\t\t\t<\/div>\n\t\t<\/section>\n\t\t\t\t<section class=\"elementor-section elementor-top-section elementor-element elementor-element-0a25543 elementor-section-boxed elementor-section-height-default elementor-section-height-default\" data-id=\"0a25543\" data-element_type=\"section\" data-e-type=\"section\">\n\t\t\t\t\t\t<div class=\"elementor-container elementor-column-gap-default\">\n\t\t\t\t\t<div class=\"elementor-column elementor-col-50 elementor-top-column elementor-element elementor-element-a381963\" data-id=\"a381963\" data-element_type=\"column\" data-e-type=\"column\">\n\t\t\t<div class=\"elementor-widget-wrap elementor-element-populated\">\n\t\t\t\t\t\t<div class=\"elementor-element elementor-element-c215062 elementor-widget elementor-widget-text-editor\" data-id=\"c215062\" data-element_type=\"widget\" data-e-type=\"widget\" data-widget_type=\"text-editor.default\">\n\t\t\t\t<div class=\"elementor-widget-container\">\n\t\t\t\t\t\t\t\t\t<p>N\u00f6v\u00e9nyi nyomat (eco-print)<\/p><p>A n\u00f6v\u00e9nyi nyomat k\u00e9sz\u00edt\u00e9se egy term\u00e9szetk\u00f6zeli textiltechnika, amelynek sor\u00e1n begy\u0171jt\u00f6tt n\u00f6v\u00e9nyek seg\u00edts\u00e9g\u00e9vel egyedi mint\u00e1k \u00e9s sz\u00ednek jelennek meg a textilen. A di\u00f3lev\u00e9l, az ecetfa levele \u00e9s m\u00e1s fest\u0151n\u00f6v\u00e9nyek k\u00fcl\u00f6n\u00f6sen gazdag, \u00e9l\u00e9nk nyomatokat hoznak l\u00e9tre.<\/p><p>A mint\u00e1k \u00e1sv\u00e1nyi anyagok \u2013 p\u00e9ld\u00e1ul r\u00e9z \u00e9s vas \u2013 seg\u00edts\u00e9g\u00e9vel, g\u0151z\u00f6l\u00e9ssel r\u00f6gz\u00fclnek. Minden darab megism\u00e9telhetetlen, saj\u00e1tos sz\u00edn- \u00e9s formavil\u00e1ggal rendelkezik. A g\u0151z\u00f6l\u00e9s ut\u00e1ni kibont\u00e1s mindig meglepet\u00e9st tartogat.<\/p><p>M\u0171helyfoglalkoz\u00e1saim legfeljebb 15 f\u0151s csoportok sz\u00e1m\u00e1ra \u00e9rhet\u0151k el. Egy\u00e9ni megrendel\u00e9sek\u00e9rt \u00e9s tov\u00e1bbi inform\u00e1ci\u00f3k\u00e9rt k\u00e9rlek, l\u00e1togass el a Kapcsolat men\u00fcpontra.<\/p>\t\t\t\t\t\t\t\t<\/div>\n\t\t\t\t<\/div>\n\t\t\t\t\t<\/div>\n\t\t<\/div>\n\t\t\t\t<div class=\"elementor-column elementor-col-50 elementor-top-column elementor-element elementor-element-70b8c9a\" data-id=\"70b8c9a\" data-element_type=\"column\" data-e-type=\"column\">\n\t\t\t<div class=\"elementor-widget-wrap elementor-element-populated\">\n\t\t\t\t\t\t<div class=\"elementor-element elementor-element-bc4000d elementor-widget elementor-widget-text-editor\" data-id=\"bc4000d\" data-element_type=\"widget\" data-e-type=\"widget\" data-widget_type=\"text-editor.default\">\n\t\t\t\t<div class=\"elementor-widget-container\">\n\t\t\t\t\t\t\t\t\t<p>Eco-Printing<\/p><p>Eco-printing is a nature-based textile technique that uses collected plants to create unique patterns and colors on fabric. Walnut leaves, vinegar tree leaves, and other dye plants produce especially rich and vibrant prints.<\/p><p>The patterns are fixed through a steaming process using minerals such as copper and iron. Each piece is one of a kind, with its own distinctive shapes and color variations. Unwrapping the fabric after steaming is always a moment of surprise.<\/p><p>Workshops are available for groups of up to 15 participants. For individual orders or further information, please visit the Contact section.<\/p>\t\t\t\t\t\t\t\t<\/div>\n\t\t\t\t<\/div>\n\t\t\t\t\t<\/div>\n\t\t<\/div>\n\t\t\t\t\t<\/div>\n\t\t<\/section>\n\t\t\t\t<section class=\"elementor-section elementor-top-section elementor-element elementor-element-f0b1687 elementor-section-full_width elementor-section-height-default elementor-section-height-default\" data-id=\"f0b1687\" data-element_type=\"section\" data-e-type=\"section\">\n\t\t\t\t\t\t<div class=\"elementor-container elementor-column-gap-default\">\n\t\t\t\t\t<div class=\"elementor-column elementor-col-100 elementor-top-column elementor-element elementor-element-0186c4e\" data-id=\"0186c4e\" data-element_type=\"column\" data-e-type=\"column\">\n\t\t\t<div class=\"elementor-widget-wrap elementor-element-populated\">\n\t\t\t\t\t\t<div class=\"elementor-element elementor-element-fee825e elementor-widget elementor-widget-gallery\" data-id=\"fee825e\" data-element_type=\"widget\" data-e-type=\"widget\" data-settings=\"{&quot;lazyload&quot;:&quot;yes&quot;,&quot;gallery_layout&quot;:&quot;grid&quot;,&quot;columns&quot;:4,&quot;columns_tablet&quot;:2,&quot;columns_mobile&quot;:1,&quot;gap&quot;:{&quot;unit&quot;:&quot;px&quot;,&quot;size&quot;:10,&quot;sizes&quot;:[]},&quot;gap_tablet&quot;:{&quot;unit&quot;:&quot;px&quot;,&quot;size&quot;:10,&quot;sizes&quot;:[]},&quot;gap_mobile&quot;:{&quot;unit&quot;:&quot;px&quot;,&quot;size&quot;:10,&quot;sizes&quot;:[]},&quot;link_to&quot;:&quot;file&quot;,&quot;aspect_ratio&quot;:&quot;3:2&quot;,&quot;overlay_background&quot;:&quot;yes&quot;,&quot;content_hover_animation&quot;:&quot;fade-in&quot;}\" data-widget_type=\"gallery.default\">\n\t\t\t\t<div class=\"elementor-widget-container\">\n\t\t\t\t\t\t\t<div class=\"elementor-gallery__container\">\n\t\t\t\t\t\t\t<a class=\"e-gallery-item elementor-gallery-item elementor-animated-content\" href=\"https:\/\/www.janosiagnes.com\/wp-content\/uploads\/2024\/04\/Ecoprint_Janosi_Agnes_Workshop_Studio_00016.jpg\" data-elementor-open-lightbox=\"yes\" data-elementor-lightbox-slideshow=\"fee825e\" data-e-action-hash=\"#elementor-action%3Aaction%3Dlightbox%26settings%3DeyJpZCI6MTI1MiwidXJsIjoiaHR0cHM6XC9cL3d3dy5qYW5vc2lhZ25lcy5jb21cL3dwLWNvbnRlbnRcL3VwbG9hZHNcLzIwMjRcLzA0XC9FY29wcmludF9KYW5vc2lfQWduZXNfV29ya3Nob3BfU3R1ZGlvXzAwMDE2LmpwZyIsInNsaWRlc2hvdyI6ImZlZTgyNWUifQ%3D%3D\">\n\t\t\t\t\t<div class=\"e-gallery-image elementor-gallery-item__image\" data-thumbnail=\"https:\/\/www.janosiagnes.com\/wp-content\/uploads\/2024\/04\/Ecoprint_Janosi_Agnes_Workshop_Studio_00016-225x300.jpg\" data-width=\"225\" data-height=\"300\" aria-label=\"\" role=\"img\" ><\/div>\n\t\t\t\t\t\t\t\t\t\t\t<div class=\"elementor-gallery-item__overlay\"><\/div>\n\t\t\t\t\t\t\t\t\t\t\t\t\t\t<\/a>\n\t\t\t\t\t\t\t<a class=\"e-gallery-item elementor-gallery-item elementor-animated-content\" href=\"https:\/\/www.janosiagnes.com\/wp-content\/uploads\/2024\/04\/Ecoprint_Janosi_Agnes_Workshop_Studio_00015.jpg\" data-elementor-open-lightbox=\"yes\" data-elementor-lightbox-slideshow=\"fee825e\" data-e-action-hash=\"#elementor-action%3Aaction%3Dlightbox%26settings%3DeyJpZCI6MTI1MSwidXJsIjoiaHR0cHM6XC9cL3d3dy5qYW5vc2lhZ25lcy5jb21cL3dwLWNvbnRlbnRcL3VwbG9hZHNcLzIwMjRcLzA0XC9FY29wcmludF9KYW5vc2lfQWduZXNfV29ya3Nob3BfU3R1ZGlvXzAwMDE1LmpwZyIsInNsaWRlc2hvdyI6ImZlZTgyNWUifQ%3D%3D\">\n\t\t\t\t\t<div class=\"e-gallery-image elementor-gallery-item__image\" data-thumbnail=\"https:\/\/www.janosiagnes.com\/wp-content\/uploads\/2024\/04\/Ecoprint_Janosi_Agnes_Workshop_Studio_00015-225x300.jpg\" data-width=\"225\" data-height=\"300\" aria-label=\"\" role=\"img\" ><\/div>\n\t\t\t\t\t\t\t\t\t\t\t<div class=\"elementor-gallery-item__overlay\"><\/div>\n\t\t\t\t\t\t\t\t\t\t\t\t\t\t<\/a>\n\t\t\t\t\t\t\t<a class=\"e-gallery-item elementor-gallery-item elementor-animated-content\" href=\"https:\/\/www.janosiagnes.com\/wp-content\/uploads\/2024\/04\/Ecoprint_Janosi_Agnes_Workshop_Studio_00014.jpg\" data-elementor-open-lightbox=\"yes\" data-elementor-lightbox-slideshow=\"fee825e\" data-e-action-hash=\"#elementor-action%3Aaction%3Dlightbox%26settings%3DeyJpZCI6MTI1MCwidXJsIjoiaHR0cHM6XC9cL3d3dy5qYW5vc2lhZ25lcy5jb21cL3dwLWNvbnRlbnRcL3VwbG9hZHNcLzIwMjRcLzA0XC9FY29wcmludF9KYW5vc2lfQWduZXNfV29ya3Nob3BfU3R1ZGlvXzAwMDE0LmpwZyIsInNsaWRlc2hvdyI6ImZlZTgyNWUifQ%3D%3D\">\n\t\t\t\t\t<div class=\"e-gallery-image elementor-gallery-item__image\" data-thumbnail=\"https:\/\/www.janosiagnes.com\/wp-content\/uploads\/2024\/04\/Ecoprint_Janosi_Agnes_Workshop_Studio_00014-225x300.jpg\" data-width=\"225\" data-height=\"300\" aria-label=\"\" role=\"img\" ><\/div>\n\t\t\t\t\t\t\t\t\t\t\t<div class=\"elementor-gallery-item__overlay\"><\/div>\n\t\t\t\t\t\t\t\t\t\t\t\t\t\t<\/a>\n\t\t\t\t\t\t\t<a class=\"e-gallery-item elementor-gallery-item elementor-animated-content\" href=\"https:\/\/www.janosiagnes.com\/wp-content\/uploads\/2024\/04\/Ecoprint_Janosi_Agnes_Workshop_Studio_00013.jpg\" data-elementor-open-lightbox=\"yes\" data-elementor-lightbox-slideshow=\"fee825e\" data-e-action-hash=\"#elementor-action%3Aaction%3Dlightbox%26settings%3DeyJpZCI6MTI0OSwidXJsIjoiaHR0cHM6XC9cL3d3dy5qYW5vc2lhZ25lcy5jb21cL3dwLWNvbnRlbnRcL3VwbG9hZHNcLzIwMjRcLzA0XC9FY29wcmludF9KYW5vc2lfQWduZXNfV29ya3Nob3BfU3R1ZGlvXzAwMDEzLmpwZyIsInNsaWRlc2hvdyI6ImZlZTgyNWUifQ%3D%3D\">\n\t\t\t\t\t<div class=\"e-gallery-image elementor-gallery-item__image\" data-thumbnail=\"https:\/\/www.janosiagnes.com\/wp-content\/uploads\/2024\/04\/Ecoprint_Janosi_Agnes_Workshop_Studio_00013-300x225.jpg\" data-width=\"300\" data-height=\"225\" aria-label=\"\" role=\"img\" ><\/div>\n\t\t\t\t\t\t\t\t\t\t\t<div class=\"elementor-gallery-item__overlay\"><\/div>\n\t\t\t\t\t\t\t\t\t\t\t\t\t\t<\/a>\n\t\t\t\t\t\t\t<a class=\"e-gallery-item elementor-gallery-item elementor-animated-content\" href=\"https:\/\/www.janosiagnes.com\/wp-content\/uploads\/2024\/04\/Ecoprint_Janosi_Agnes_Workshop_Studio_00012.jpg\" data-elementor-open-lightbox=\"yes\" data-elementor-lightbox-slideshow=\"fee825e\" data-e-action-hash=\"#elementor-action%3Aaction%3Dlightbox%26settings%3DeyJpZCI6MTI0OCwidXJsIjoiaHR0cHM6XC9cL3d3dy5qYW5vc2lhZ25lcy5jb21cL3dwLWNvbnRlbnRcL3VwbG9hZHNcLzIwMjRcLzA0XC9FY29wcmludF9KYW5vc2lfQWduZXNfV29ya3Nob3BfU3R1ZGlvXzAwMDEyLmpwZyIsInNsaWRlc2hvdyI6ImZlZTgyNWUifQ%3D%3D\">\n\t\t\t\t\t<div class=\"e-gallery-image elementor-gallery-item__image\" data-thumbnail=\"https:\/\/www.janosiagnes.com\/wp-content\/uploads\/2024\/04\/Ecoprint_Janosi_Agnes_Workshop_Studio_00012-225x300.jpg\" data-width=\"225\" data-height=\"300\" aria-label=\"\" role=\"img\" ><\/div>\n\t\t\t\t\t\t\t\t\t\t\t<div class=\"elementor-gallery-item__overlay\"><\/div>\n\t\t\t\t\t\t\t\t\t\t\t\t\t\t<\/a>\n\t\t\t\t\t\t\t<a class=\"e-gallery-item elementor-gallery-item elementor-animated-content\" href=\"https:\/\/www.janosiagnes.com\/wp-content\/uploads\/2024\/04\/Ecoprint_Janosi_Agnes_Workshop_Studio_00011.jpg\" data-elementor-open-lightbox=\"yes\" data-elementor-lightbox-slideshow=\"fee825e\" data-e-action-hash=\"#elementor-action%3Aaction%3Dlightbox%26settings%3DeyJpZCI6MTI0NywidXJsIjoiaHR0cHM6XC9cL3d3dy5qYW5vc2lhZ25lcy5jb21cL3dwLWNvbnRlbnRcL3VwbG9hZHNcLzIwMjRcLzA0XC9FY29wcmludF9KYW5vc2lfQWduZXNfV29ya3Nob3BfU3R1ZGlvXzAwMDExLmpwZyIsInNsaWRlc2hvdyI6ImZlZTgyNWUifQ%3D%3D\">\n\t\t\t\t\t<div class=\"e-gallery-image elementor-gallery-item__image\" data-thumbnail=\"https:\/\/www.janosiagnes.com\/wp-content\/uploads\/2024\/04\/Ecoprint_Janosi_Agnes_Workshop_Studio_00011-300x225.jpg\" data-width=\"300\" data-height=\"225\" aria-label=\"\" role=\"img\" ><\/div>\n\t\t\t\t\t\t\t\t\t\t\t<div class=\"elementor-gallery-item__overlay\"><\/div>\n\t\t\t\t\t\t\t\t\t\t\t\t\t\t<\/a>\n\t\t\t\t\t\t\t<a class=\"e-gallery-item elementor-gallery-item elementor-animated-content\" href=\"https:\/\/www.janosiagnes.com\/wp-content\/uploads\/2024\/04\/Ecoprint_Janosi_Agnes_Workshop_Studio_00010.jpg\" data-elementor-open-lightbox=\"yes\" data-elementor-lightbox-slideshow=\"fee825e\" data-e-action-hash=\"#elementor-action%3Aaction%3Dlightbox%26settings%3DeyJpZCI6MTI0NiwidXJsIjoiaHR0cHM6XC9cL3d3dy5qYW5vc2lhZ25lcy5jb21cL3dwLWNvbnRlbnRcL3VwbG9hZHNcLzIwMjRcLzA0XC9FY29wcmludF9KYW5vc2lfQWduZXNfV29ya3Nob3BfU3R1ZGlvXzAwMDEwLmpwZyIsInNsaWRlc2hvdyI6ImZlZTgyNWUifQ%3D%3D\">\n\t\t\t\t\t<div class=\"e-gallery-image elementor-gallery-item__image\" data-thumbnail=\"https:\/\/www.janosiagnes.com\/wp-content\/uploads\/2024\/04\/Ecoprint_Janosi_Agnes_Workshop_Studio_00010-225x300.jpg\" data-width=\"225\" data-height=\"300\" aria-label=\"\" role=\"img\" ><\/div>\n\t\t\t\t\t\t\t\t\t\t\t<div class=\"elementor-gallery-item__overlay\"><\/div>\n\t\t\t\t\t\t\t\t\t\t\t\t\t\t<\/a>\n\t\t\t\t\t\t\t<a class=\"e-gallery-item elementor-gallery-item elementor-animated-content\" href=\"https:\/\/www.janosiagnes.com\/wp-content\/uploads\/2024\/04\/Ecoprint_Janosi_Agnes_Workshop_Studio_00005.jpg\" data-elementor-open-lightbox=\"yes\" data-elementor-lightbox-slideshow=\"fee825e\" data-e-action-hash=\"#elementor-action%3Aaction%3Dlightbox%26settings%3DeyJpZCI6MTI0MSwidXJsIjoiaHR0cHM6XC9cL3d3dy5qYW5vc2lhZ25lcy5jb21cL3dwLWNvbnRlbnRcL3VwbG9hZHNcLzIwMjRcLzA0XC9FY29wcmludF9KYW5vc2lfQWduZXNfV29ya3Nob3BfU3R1ZGlvXzAwMDA1LmpwZyIsInNsaWRlc2hvdyI6ImZlZTgyNWUifQ%3D%3D\">\n\t\t\t\t\t<div class=\"e-gallery-image elementor-gallery-item__image\" data-thumbnail=\"https:\/\/www.janosiagnes.com\/wp-content\/uploads\/2024\/04\/Ecoprint_Janosi_Agnes_Workshop_Studio_00005-300x225.jpg\" data-width=\"300\" data-height=\"225\" aria-label=\"\" role=\"img\" ><\/div>\n\t\t\t\t\t\t\t\t\t\t\t<div class=\"elementor-gallery-item__overlay\"><\/div>\n\t\t\t\t\t\t\t\t\t\t\t\t\t\t<\/a>\n\t\t\t\t\t\t\t<a class=\"e-gallery-item elementor-gallery-item elementor-animated-content\" href=\"https:\/\/www.janosiagnes.com\/wp-content\/uploads\/2024\/04\/Ecoprint_Janosi_Agnes_Workshop_Studio_00008.jpg\" data-elementor-open-lightbox=\"yes\" data-elementor-lightbox-slideshow=\"fee825e\" data-e-action-hash=\"#elementor-action%3Aaction%3Dlightbox%26settings%3DeyJpZCI6MTI0NCwidXJsIjoiaHR0cHM6XC9cL3d3dy5qYW5vc2lhZ25lcy5jb21cL3dwLWNvbnRlbnRcL3VwbG9hZHNcLzIwMjRcLzA0XC9FY29wcmludF9KYW5vc2lfQWduZXNfV29ya3Nob3BfU3R1ZGlvXzAwMDA4LmpwZyIsInNsaWRlc2hvdyI6ImZlZTgyNWUifQ%3D%3D\">\n\t\t\t\t\t<div class=\"e-gallery-image elementor-gallery-item__image\" data-thumbnail=\"https:\/\/www.janosiagnes.com\/wp-content\/uploads\/2024\/04\/Ecoprint_Janosi_Agnes_Workshop_Studio_00008-300x225.jpg\" data-width=\"300\" data-height=\"225\" aria-label=\"\" role=\"img\" ><\/div>\n\t\t\t\t\t\t\t\t\t\t\t<div class=\"elementor-gallery-item__overlay\"><\/div>\n\t\t\t\t\t\t\t\t\t\t\t\t\t\t<\/a>\n\t\t\t\t\t\t\t<a class=\"e-gallery-item elementor-gallery-item elementor-animated-content\" href=\"https:\/\/www.janosiagnes.com\/wp-content\/uploads\/2024\/04\/Ecoprint_Janosi_Agnes_Workshop_00013.jpg\" data-elementor-open-lightbox=\"yes\" data-elementor-lightbox-slideshow=\"fee825e\" data-e-action-hash=\"#elementor-action%3Aaction%3Dlightbox%26settings%3DeyJpZCI6MTE1MSwidXJsIjoiaHR0cHM6XC9cL3d3dy5qYW5vc2lhZ25lcy5jb21cL3dwLWNvbnRlbnRcL3VwbG9hZHNcLzIwMjRcLzA0XC9FY29wcmludF9KYW5vc2lfQWduZXNfV29ya3Nob3BfMDAwMTMuanBnIiwic2xpZGVzaG93IjoiZmVlODI1ZSJ9\">\n\t\t\t\t\t<div class=\"e-gallery-image elementor-gallery-item__image\" data-thumbnail=\"https:\/\/www.janosiagnes.com\/wp-content\/uploads\/2024\/04\/Ecoprint_Janosi_Agnes_Workshop_00013-238x300.jpg\" data-width=\"238\" data-height=\"300\" aria-label=\"\" role=\"img\" ><\/div>\n\t\t\t\t\t\t\t\t\t\t\t<div class=\"elementor-gallery-item__overlay\"><\/div>\n\t\t\t\t\t\t\t\t\t\t\t\t\t\t<\/a>\n\t\t\t\t\t<\/div>\n\t\t\t\t\t<\/div>\n\t\t\t\t<\/div>\n\t\t\t\t\t<\/div>\n\t\t<\/div>\n\t\t\t\t\t<\/div>\n\t\t<\/section>\n\t\t\t\t<\/div>\n\t\t","protected":false},"excerpt":{"rendered":"<p>N\u00f6v\u00e9nyi nyomat (eco-print) A n\u00f6v\u00e9nyi nyomat k\u00e9sz\u00edt\u00e9se egy term\u00e9szetk\u00f6zeli textiltechnika, amelynek sor\u00e1n begy\u0171jt\u00f6tt n\u00f6v\u00e9nyek seg\u00edts\u00e9g\u00e9vel egyedi mint\u00e1k \u00e9s sz\u00ednek jelennek meg a textilen. A di\u00f3lev\u00e9l, az ecetfa levele \u00e9s m\u00e1s [&hellip;]<\/p>\n","protected":false},"author":1,"featured_media":0,"parent":0,"menu_order":0,"comment_status":"closed","ping_status":"closed","template":"elementor_header_footer","meta":{"footnotes":""},"class_list":["post-472","page","type-page","status-publish","hentry"],"_links":{"self":[{"href":"https:\/\/www.janosiagnes.com\/index.php\/wp-json\/wp\/v2\/pages\/472","targetHints":{"allow":["GET"]}}],"collection":[{"href":"https:\/\/www.janosiagnes.com\/index.php\/wp-json\/wp\/v2\/pages"}],"about":[{"href":"https:\/\/www.janosiagnes.com\/index.php\/wp-json\/wp\/v2\/types\/page"}],"author":[{"embeddable":true,"href":"https:\/\/www.janosiagnes.com\/index.php\/wp-json\/wp\/v2\/users\/1"}],"replies":[{"embeddable":true,"href":"https:\/\/www.janosiagnes.com\/index.php\/wp-json\/wp\/v2\/comments?post=472"}],"version-history":[{"count":147,"href":"https:\/\/www.janosiagnes.com\/index.php\/wp-json\/wp\/v2\/pages\/472\/revisions"}],"predecessor-version":[{"id":2052,"href":"https:\/\/www.janosiagnes.com\/index.php\/wp-json\/wp\/v2\/pages\/472\/revisions\/2052"}],"wp:attachment":[{"href":"https:\/\/www.janosiagnes.com\/index.php\/wp-json\/wp\/v2\/media?parent=472"}],"curies":[{"name":"wp","href":"https:\/\/api.w.org\/{rel}","templated":true}]}}