{"id":476,"date":"2024-04-03T14:38:49","date_gmt":"2024-04-03T14:38:49","guid":{"rendered":"https:\/\/www.janosiagnes.com\/?page_id=476"},"modified":"2024-12-11T08:20:32","modified_gmt":"2024-12-11T08:20:32","slug":"flower-headband","status":"publish","type":"page","link":"https:\/\/www.janosiagnes.com\/index.php\/flower-headband\/","title":{"rendered":"Flower headband"},"content":{"rendered":"\t\t<div data-elementor-type=\"wp-page\" data-elementor-id=\"476\" class=\"elementor elementor-476\" data-elementor-post-type=\"page\">\n\t\t\t\t\t\t<section class=\"elementor-section elementor-top-section elementor-element elementor-element-17c266bf elementor-section-boxed elementor-section-height-default elementor-section-height-default\" data-id=\"17c266bf\" data-element_type=\"section\" data-e-type=\"section\">\n\t\t\t\t\t\t<div class=\"elementor-container elementor-column-gap-default\">\n\t\t\t\t\t<div class=\"elementor-column elementor-col-100 elementor-top-column elementor-element elementor-element-3b37ea63\" data-id=\"3b37ea63\" data-element_type=\"column\" data-e-type=\"column\">\n\t\t\t<div class=\"elementor-widget-wrap\">\n\t\t\t\t\t\t\t<\/div>\n\t\t<\/div>\n\t\t\t\t\t<\/div>\n\t\t<\/section>\n\t\t\t\t<section class=\"elementor-section elementor-top-section elementor-element elementor-element-1df5cf56 elementor-section-boxed elementor-section-height-default elementor-section-height-default\" data-id=\"1df5cf56\" data-element_type=\"section\" data-e-type=\"section\">\n\t\t\t\t\t\t<div class=\"elementor-container elementor-column-gap-default\">\n\t\t\t\t\t<div class=\"elementor-column elementor-col-100 elementor-top-column elementor-element elementor-element-35432539\" data-id=\"35432539\" data-element_type=\"column\" data-e-type=\"column\">\n\t\t\t<div class=\"elementor-widget-wrap\">\n\t\t\t\t\t\t\t<\/div>\n\t\t<\/div>\n\t\t\t\t\t<\/div>\n\t\t<\/section>\n\t\t\t\t<section class=\"elementor-section elementor-top-section elementor-element elementor-element-1868c803 elementor-section-full_width elementor-section-height-default elementor-section-height-default\" data-id=\"1868c803\" data-element_type=\"section\" data-e-type=\"section\">\n\t\t\t\t\t\t<div class=\"elementor-container elementor-column-gap-no\">\n\t\t\t\t\t<div class=\"elementor-column elementor-col-100 elementor-top-column elementor-element elementor-element-6bdf558b\" data-id=\"6bdf558b\" data-element_type=\"column\" data-e-type=\"column\">\n\t\t\t<div class=\"elementor-widget-wrap elementor-element-populated\">\n\t\t\t\t\t\t<div class=\"elementor-element elementor-element-dac1c3e elementor-widget elementor-widget-spacer\" data-id=\"dac1c3e\" data-element_type=\"widget\" data-e-type=\"widget\" data-widget_type=\"spacer.default\">\n\t\t\t\t<div class=\"elementor-widget-container\">\n\t\t\t\t\t\t\t<div class=\"elementor-spacer\">\n\t\t\t<div class=\"elementor-spacer-inner\"><\/div>\n\t\t<\/div>\n\t\t\t\t\t\t<\/div>\n\t\t\t\t<\/div>\n\t\t\t\t\t<\/div>\n\t\t<\/div>\n\t\t\t\t\t<\/div>\n\t\t<\/section>\n\t\t\t\t<section class=\"elementor-section elementor-top-section elementor-element elementor-element-2f5f214f elementor-section-full_width elementor-section-height-default elementor-section-height-default\" data-id=\"2f5f214f\" data-element_type=\"section\" data-e-type=\"section\">\n\t\t\t\t\t\t<div class=\"elementor-container elementor-column-gap-no\">\n\t\t\t\t\t<div class=\"elementor-column elementor-col-100 elementor-top-column elementor-element elementor-element-4871b381\" data-id=\"4871b381\" data-element_type=\"column\" data-e-type=\"column\">\n\t\t\t<div class=\"elementor-widget-wrap elementor-element-populated\">\n\t\t\t\t\t\t<div class=\"elementor-element elementor-element-5917a06a elementor-widget elementor-widget-spacer\" data-id=\"5917a06a\" data-element_type=\"widget\" data-e-type=\"widget\" data-widget_type=\"spacer.default\">\n\t\t\t\t<div class=\"elementor-widget-container\">\n\t\t\t\t\t\t\t<div class=\"elementor-spacer\">\n\t\t\t<div class=\"elementor-spacer-inner\"><\/div>\n\t\t<\/div>\n\t\t\t\t\t\t<\/div>\n\t\t\t\t<\/div>\n\t\t\t\t\t<\/div>\n\t\t<\/div>\n\t\t\t\t\t<\/div>\n\t\t<\/section>\n\t\t\t\t<section class=\"elementor-section elementor-top-section elementor-element elementor-element-5a807f48 elementor-section-full_width elementor-section-height-default elementor-section-height-default\" data-id=\"5a807f48\" data-element_type=\"section\" data-e-type=\"section\">\n\t\t\t\t\t\t<div class=\"elementor-container elementor-column-gap-default\">\n\t\t\t\t\t<div class=\"elementor-column elementor-col-100 elementor-top-column elementor-element elementor-element-39d3a16a\" data-id=\"39d3a16a\" data-element_type=\"column\" data-e-type=\"column\">\n\t\t\t<div class=\"elementor-widget-wrap elementor-element-populated\">\n\t\t\t\t\t\t<div class=\"elementor-element elementor-element-1195918c elementor-widget elementor-widget-gallery\" data-id=\"1195918c\" data-element_type=\"widget\" data-e-type=\"widget\" data-settings=\"{&quot;aspect_ratio&quot;:&quot;4:3&quot;,&quot;lazyload&quot;:&quot;yes&quot;,&quot;gallery_layout&quot;:&quot;grid&quot;,&quot;columns&quot;:4,&quot;columns_tablet&quot;:2,&quot;columns_mobile&quot;:1,&quot;gap&quot;:{&quot;unit&quot;:&quot;px&quot;,&quot;size&quot;:10,&quot;sizes&quot;:[]},&quot;gap_tablet&quot;:{&quot;unit&quot;:&quot;px&quot;,&quot;size&quot;:10,&quot;sizes&quot;:[]},&quot;gap_mobile&quot;:{&quot;unit&quot;:&quot;px&quot;,&quot;size&quot;:10,&quot;sizes&quot;:[]},&quot;link_to&quot;:&quot;file&quot;,&quot;overlay_background&quot;:&quot;yes&quot;,&quot;content_hover_animation&quot;:&quot;fade-in&quot;}\" data-widget_type=\"gallery.default\">\n\t\t\t\t<div class=\"elementor-widget-container\">\n\t\t\t\t\t\t\t<div class=\"elementor-gallery__container\">\n\t\t\t\t\t\t\t<a class=\"e-gallery-item elementor-gallery-item elementor-animated-content\" href=\"https:\/\/www.janosiagnes.com\/wp-content\/uploads\/2024\/09\/IMG_0079.jpg\" data-elementor-open-lightbox=\"yes\" data-elementor-lightbox-slideshow=\"1195918c\" data-e-action-hash=\"#elementor-action%3Aaction%3Dlightbox%26settings%3DeyJpZCI6MTgxNCwidXJsIjoiaHR0cHM6XC9cL3d3dy5qYW5vc2lhZ25lcy5jb21cL3dwLWNvbnRlbnRcL3VwbG9hZHNcLzIwMjRcLzA5XC9JTUdfMDA3OS5qcGciLCJzbGlkZXNob3ciOiIxMTk1OTE4YyJ9\">\n\t\t\t\t\t<div class=\"e-gallery-image elementor-gallery-item__image\" data-thumbnail=\"https:\/\/www.janosiagnes.com\/wp-content\/uploads\/2024\/09\/IMG_0079.jpg\" data-width=\"2048\" data-height=\"1367\" aria-label=\"\" role=\"img\" ><\/div>\n\t\t\t\t\t\t\t\t\t\t\t<div class=\"elementor-gallery-item__overlay\"><\/div>\n\t\t\t\t\t\t\t\t\t\t\t\t\t\t<\/a>\n\t\t\t\t\t\t\t<a class=\"e-gallery-item elementor-gallery-item elementor-animated-content\" href=\"https:\/\/www.janosiagnes.com\/wp-content\/uploads\/2024\/09\/IMG_0850-scaled.jpg\" data-elementor-open-lightbox=\"yes\" data-elementor-lightbox-slideshow=\"1195918c\" data-e-action-hash=\"#elementor-action%3Aaction%3Dlightbox%26settings%3DeyJpZCI6MTgxNSwidXJsIjoiaHR0cHM6XC9cL3d3dy5qYW5vc2lhZ25lcy5jb21cL3dwLWNvbnRlbnRcL3VwbG9hZHNcLzIwMjRcLzA5XC9JTUdfMDg1MC1zY2FsZWQuanBnIiwic2xpZGVzaG93IjoiMTE5NTkxOGMifQ%3D%3D\">\n\t\t\t\t\t<div class=\"e-gallery-image elementor-gallery-item__image\" data-thumbnail=\"https:\/\/www.janosiagnes.com\/wp-content\/uploads\/2024\/09\/IMG_0850-scaled.jpg\" data-width=\"2560\" data-height=\"1920\" aria-label=\"\" role=\"img\" ><\/div>\n\t\t\t\t\t\t\t\t\t\t\t<div class=\"elementor-gallery-item__overlay\"><\/div>\n\t\t\t\t\t\t\t\t\t\t\t\t\t\t<\/a>\n\t\t\t\t\t\t\t<a class=\"e-gallery-item elementor-gallery-item elementor-animated-content\" href=\"https:\/\/www.janosiagnes.com\/wp-content\/uploads\/2024\/09\/IMG_0080.jpg\" data-elementor-open-lightbox=\"yes\" data-elementor-lightbox-slideshow=\"1195918c\" data-e-action-hash=\"#elementor-action%3Aaction%3Dlightbox%26settings%3DeyJpZCI6MTgxNiwidXJsIjoiaHR0cHM6XC9cL3d3dy5qYW5vc2lhZ25lcy5jb21cL3dwLWNvbnRlbnRcL3VwbG9hZHNcLzIwMjRcLzA5XC9JTUdfMDA4MC5qcGciLCJzbGlkZXNob3ciOiIxMTk1OTE4YyJ9\">\n\t\t\t\t\t<div class=\"e-gallery-image elementor-gallery-item__image\" data-thumbnail=\"https:\/\/www.janosiagnes.com\/wp-content\/uploads\/2024\/09\/IMG_0080.jpg\" data-width=\"2048\" data-height=\"1367\" aria-label=\"\" role=\"img\" ><\/div>\n\t\t\t\t\t\t\t\t\t\t\t<div class=\"elementor-gallery-item__overlay\"><\/div>\n\t\t\t\t\t\t\t\t\t\t\t\t\t\t<\/a>\n\t\t\t\t\t\t\t<a class=\"e-gallery-item elementor-gallery-item elementor-animated-content\" href=\"https:\/\/www.janosiagnes.com\/wp-content\/uploads\/2024\/09\/IMG_0036-1.jpg\" data-elementor-open-lightbox=\"yes\" data-elementor-lightbox-slideshow=\"1195918c\" data-e-action-hash=\"#elementor-action%3Aaction%3Dlightbox%26settings%3DeyJpZCI6MTgxNywidXJsIjoiaHR0cHM6XC9cL3d3dy5qYW5vc2lhZ25lcy5jb21cL3dwLWNvbnRlbnRcL3VwbG9hZHNcLzIwMjRcLzA5XC9JTUdfMDAzNi0xLmpwZyIsInNsaWRlc2hvdyI6IjExOTU5MThjIn0%3D\">\n\t\t\t\t\t<div class=\"e-gallery-image elementor-gallery-item__image\" data-thumbnail=\"https:\/\/www.janosiagnes.com\/wp-content\/uploads\/2024\/09\/IMG_0036-1.jpg\" data-width=\"2048\" data-height=\"1367\" aria-label=\"\" role=\"img\" ><\/div>\n\t\t\t\t\t\t\t\t\t\t\t<div class=\"elementor-gallery-item__overlay\"><\/div>\n\t\t\t\t\t\t\t\t\t\t\t\t\t\t<\/a>\n\t\t\t\t\t\t\t<a class=\"e-gallery-item elementor-gallery-item elementor-animated-content\" href=\"https:\/\/www.janosiagnes.com\/wp-content\/uploads\/2024\/09\/IMG_0037.jpg\" data-elementor-open-lightbox=\"yes\" data-elementor-lightbox-slideshow=\"1195918c\" data-e-action-hash=\"#elementor-action%3Aaction%3Dlightbox%26settings%3DeyJpZCI6MTgxOCwidXJsIjoiaHR0cHM6XC9cL3d3dy5qYW5vc2lhZ25lcy5jb21cL3dwLWNvbnRlbnRcL3VwbG9hZHNcLzIwMjRcLzA5XC9JTUdfMDAzNy5qcGciLCJzbGlkZXNob3ciOiIxMTk1OTE4YyJ9\">\n\t\t\t\t\t<div class=\"e-gallery-image elementor-gallery-item__image\" data-thumbnail=\"https:\/\/www.janosiagnes.com\/wp-content\/uploads\/2024\/09\/IMG_0037.jpg\" data-width=\"2048\" data-height=\"1367\" aria-label=\"\" role=\"img\" ><\/div>\n\t\t\t\t\t\t\t\t\t\t\t<div class=\"elementor-gallery-item__overlay\"><\/div>\n\t\t\t\t\t\t\t\t\t\t\t\t\t\t<\/a>\n\t\t\t\t\t\t\t<a class=\"e-gallery-item elementor-gallery-item elementor-animated-content\" href=\"https:\/\/www.janosiagnes.com\/wp-content\/uploads\/2024\/09\/IMG_0038.jpg\" data-elementor-open-lightbox=\"yes\" data-elementor-lightbox-slideshow=\"1195918c\" data-e-action-hash=\"#elementor-action%3Aaction%3Dlightbox%26settings%3DeyJpZCI6MTgxOSwidXJsIjoiaHR0cHM6XC9cL3d3dy5qYW5vc2lhZ25lcy5jb21cL3dwLWNvbnRlbnRcL3VwbG9hZHNcLzIwMjRcLzA5XC9JTUdfMDAzOC5qcGciLCJzbGlkZXNob3ciOiIxMTk1OTE4YyJ9\">\n\t\t\t\t\t<div class=\"e-gallery-image elementor-gallery-item__image\" data-thumbnail=\"https:\/\/www.janosiagnes.com\/wp-content\/uploads\/2024\/09\/IMG_0038.jpg\" data-width=\"959\" data-height=\"640\" aria-label=\"\" role=\"img\" ><\/div>\n\t\t\t\t\t\t\t\t\t\t\t<div class=\"elementor-gallery-item__overlay\"><\/div>\n\t\t\t\t\t\t\t\t\t\t\t\t\t\t<\/a>\n\t\t\t\t\t\t\t<a class=\"e-gallery-item elementor-gallery-item elementor-animated-content\" href=\"https:\/\/www.janosiagnes.com\/wp-content\/uploads\/2024\/09\/IMG_0039-1.jpg\" data-elementor-open-lightbox=\"yes\" data-elementor-lightbox-slideshow=\"1195918c\" data-e-action-hash=\"#elementor-action%3Aaction%3Dlightbox%26settings%3DeyJpZCI6MTgyMCwidXJsIjoiaHR0cHM6XC9cL3d3dy5qYW5vc2lhZ25lcy5jb21cL3dwLWNvbnRlbnRcL3VwbG9hZHNcLzIwMjRcLzA5XC9JTUdfMDAzOS0xLmpwZyIsInNsaWRlc2hvdyI6IjExOTU5MThjIn0%3D\">\n\t\t\t\t\t<div class=\"e-gallery-image elementor-gallery-item__image\" data-thumbnail=\"https:\/\/www.janosiagnes.com\/wp-content\/uploads\/2024\/09\/IMG_0039-1.jpg\" data-width=\"1600\" data-height=\"1200\" aria-label=\"\" role=\"img\" ><\/div>\n\t\t\t\t\t\t\t\t\t\t\t<div class=\"elementor-gallery-item__overlay\"><\/div>\n\t\t\t\t\t\t\t\t\t\t\t\t\t\t<\/a>\n\t\t\t\t\t\t\t<a class=\"e-gallery-item elementor-gallery-item elementor-animated-content\" href=\"https:\/\/www.janosiagnes.com\/wp-content\/uploads\/2024\/09\/IMG_1617-scaled.jpg\" data-elementor-open-lightbox=\"yes\" data-elementor-lightbox-slideshow=\"1195918c\" data-e-action-hash=\"#elementor-action%3Aaction%3Dlightbox%26settings%3DeyJpZCI6MTgyMiwidXJsIjoiaHR0cHM6XC9cL3d3dy5qYW5vc2lhZ25lcy5jb21cL3dwLWNvbnRlbnRcL3VwbG9hZHNcLzIwMjRcLzA5XC9JTUdfMTYxNy1zY2FsZWQuanBnIiwic2xpZGVzaG93IjoiMTE5NTkxOGMifQ%3D%3D\">\n\t\t\t\t\t<div class=\"e-gallery-image elementor-gallery-item__image\" data-thumbnail=\"https:\/\/www.janosiagnes.com\/wp-content\/uploads\/2024\/09\/IMG_1617-scaled.jpg\" data-width=\"1920\" data-height=\"2560\" aria-label=\"\" role=\"img\" ><\/div>\n\t\t\t\t\t\t\t\t\t\t\t<div class=\"elementor-gallery-item__overlay\"><\/div>\n\t\t\t\t\t\t\t\t\t\t\t\t\t\t<\/a>\n\t\t\t\t\t<\/div>\n\t\t\t\t\t<\/div>\n\t\t\t\t<\/div>\n\t\t\t\t\t<\/div>\n\t\t<\/div>\n\t\t\t\t\t<\/div>\n\t\t<\/section>\n\t\t\t\t<section class=\"elementor-section elementor-top-section elementor-element elementor-element-129c5670 elementor-section-boxed elementor-section-height-default elementor-section-height-default\" data-id=\"129c5670\" data-element_type=\"section\" data-e-type=\"section\">\n\t\t\t\t\t\t<div class=\"elementor-container elementor-column-gap-default\">\n\t\t\t\t\t<div class=\"elementor-column elementor-col-100 elementor-top-column elementor-element elementor-element-ed53920\" data-id=\"ed53920\" data-element_type=\"column\" data-e-type=\"column\">\n\t\t\t<div class=\"elementor-widget-wrap elementor-element-populated\">\n\t\t\t\t\t\t<div class=\"elementor-element elementor-element-4604e70c elementor-widget elementor-widget-spacer\" data-id=\"4604e70c\" data-element_type=\"widget\" data-e-type=\"widget\" data-widget_type=\"spacer.default\">\n\t\t\t\t<div class=\"elementor-widget-container\">\n\t\t\t\t\t\t\t<div class=\"elementor-spacer\">\n\t\t\t<div class=\"elementor-spacer-inner\"><\/div>\n\t\t<\/div>\n\t\t\t\t\t\t<\/div>\n\t\t\t\t<\/div>\n\t\t\t\t\t<\/div>\n\t\t<\/div>\n\t\t\t\t\t<\/div>\n\t\t<\/section>\n\t\t\t\t<section class=\"elementor-section elementor-top-section elementor-element elementor-element-269d43f elementor-section-boxed elementor-section-height-default elementor-section-height-default\" data-id=\"269d43f\" data-element_type=\"section\" data-e-type=\"section\">\n\t\t\t\t\t\t<div class=\"elementor-container elementor-column-gap-default\">\n\t\t\t\t\t<div class=\"elementor-column elementor-col-50 elementor-top-column elementor-element elementor-element-c88be6d\" data-id=\"c88be6d\" data-element_type=\"column\" data-e-type=\"column\">\n\t\t\t<div class=\"elementor-widget-wrap elementor-element-populated\">\n\t\t\t\t\t\t<div class=\"elementor-element elementor-element-20ea479 elementor-widget elementor-widget-text-editor\" data-id=\"20ea479\" data-element_type=\"widget\" data-e-type=\"widget\" data-widget_type=\"text-editor.default\">\n\t\t\t\t<div class=\"elementor-widget-container\">\n\t\t\t\t\t\t\t\t\t<p>Vir\u00e1gfejd\u00edsz k\u00e9sz\u00edt\u0151 foglalkoz\u00e1s<\/p><p>A tulip\u00e1n \u00e9jszaka \u00f6sszez\u00e1rja p\u00e1rt\u00e1j\u00e1t. A melegben kiny\u00edlik a vir\u00e1g p\u00e1rt\u00e1ja, a hidegben \u00f6sszez\u00e1r\u00f3dik. A faluban szalagos p\u00e1rt\u00e1t hordanak a l\u00e1nyok h\u00e9tk\u00f6znap. Az \u00fcnnepi, d\u00edszesebb p\u00e1rt\u00e1t gy\u00f6ngy\u00f6k d\u00edsz\u00edtik. Gondoltatok m\u00e1r arra mi\u00e9rt viselnek koron\u00e1t, s\u00fcveget, p\u00e1rt\u00e1t? Kik \u00e9s milyen c\u00e9lb\u00f3l teszik azt? Nem v\u00e9letlen, hisz minden amit visel\u00fcnk jelz\u00e9s \u00e9rt\u00e9k\u0171, \u00e9s \u00e9ppen feler\u0151s\u00edti az er\u0151ter\u00fcnket vagy gyeng\u00edti azt. A hamarosan k\u00f6vetkez\u0151 eredend\u0151 n\u0151i t\u00edpusok, \u00e9s Boldogasszony kult\u00far\u00e1nkat feleleven\u00edt\u0151 besz\u00e9lget\u00e9sen, \u00e9s p\u00e1rta k\u00e9sz\u00edt\u0151 esem\u00e9nyen lehet\u0151s\u00e9g\u00fcnk ny\u00edlik tal\u00e1lkozni, megnyitni, vagy feler\u0151s\u00edteni olyan oldalunkat amiket a h\u00e9tk\u00f6znapi rutin sor\u00e1n neh\u00e9z \u00e9szre venni, mozg\u00e1sba hozni. Szeretettel v\u00e1rok mindenkit, aki szeretn\u00e9 elk\u00e9sz\u00edteni saj\u00e1t, egy\u00e9nre szabott p\u00e1rt\u00e1j\u00e1t, \u00e9s betekint\u00e9st nyerni k\u00fcl\u00f6nb\u00f6z\u0151 eredend\u0151 n\u0151i t\u00edpusok term\u00e9szet\u00e9be.<\/p>\t\t\t\t\t\t\t\t<\/div>\n\t\t\t\t<\/div>\n\t\t\t\t\t<\/div>\n\t\t<\/div>\n\t\t\t\t<div class=\"elementor-column elementor-col-50 elementor-top-column elementor-element elementor-element-81cbc8d\" data-id=\"81cbc8d\" data-element_type=\"column\" data-e-type=\"column\">\n\t\t\t<div class=\"elementor-widget-wrap elementor-element-populated\">\n\t\t\t\t\t\t<div class=\"elementor-element elementor-element-04c3514 elementor-widget elementor-widget-text-editor\" data-id=\"04c3514\" data-element_type=\"widget\" data-e-type=\"widget\" data-widget_type=\"text-editor.default\">\n\t\t\t\t<div class=\"elementor-widget-container\">\n\t\t\t\t\t\t\t\t\t<p>Flower headband making workshop<\/p><p>The tulip closes its petals at night. In warm weather, the flower opens its petals, while in the cold, it closes them. In the village, girls wear ribboned headbands in their everyday lives, while more festive, ornate headbands are adorned with pearls.\u00a0<br \/>Have you ever thought about why we wear crowns, hats, or headbands? Who wears them and for what purpose? It&#8217;s no coincidence, as everything we wear has symbolic meaning and can either amplify or weaken our energy field.\u00a0<br \/>In an upcoming conversation about the original feminine archetypes and our\u00a0Blessed Virgin culture, along with a headband-making event, we will have the\u00a0opportunity to connect and awaken parts of ourselves that are often hard to notice\u00a0or activate in our daily routines.<\/p><p>I warmly invite everyone who would like to create their own personalized headband and gain insight into the nature of various original feminine archetypes.<\/p>\t\t\t\t\t\t\t\t<\/div>\n\t\t\t\t<\/div>\n\t\t\t\t\t<\/div>\n\t\t<\/div>\n\t\t\t\t\t<\/div>\n\t\t<\/section>\n\t\t\t\t<section class=\"elementor-section elementor-top-section elementor-element elementor-element-cdc0dc7 elementor-section-boxed elementor-section-height-default elementor-section-height-default\" data-id=\"cdc0dc7\" data-element_type=\"section\" data-e-type=\"section\">\n\t\t\t\t\t\t<div class=\"elementor-container elementor-column-gap-default\">\n\t\t\t\t\t<div class=\"elementor-column elementor-col-100 elementor-top-column elementor-element elementor-element-69b2bf8e\" data-id=\"69b2bf8e\" data-element_type=\"column\" data-e-type=\"column\">\n\t\t\t<div class=\"elementor-widget-wrap elementor-element-populated\">\n\t\t\t\t\t\t<div class=\"elementor-element elementor-element-733c0ab8 elementor-widget elementor-widget-spacer\" data-id=\"733c0ab8\" data-element_type=\"widget\" data-e-type=\"widget\" data-widget_type=\"spacer.default\">\n\t\t\t\t<div class=\"elementor-widget-container\">\n\t\t\t\t\t\t\t<div class=\"elementor-spacer\">\n\t\t\t<div class=\"elementor-spacer-inner\"><\/div>\n\t\t<\/div>\n\t\t\t\t\t\t<\/div>\n\t\t\t\t<\/div>\n\t\t\t\t\t<\/div>\n\t\t<\/div>\n\t\t\t\t\t<\/div>\n\t\t<\/section>\n\t\t\t\t<\/div>\n\t\t","protected":false},"excerpt":{"rendered":"<p>Vir\u00e1gfejd\u00edsz k\u00e9sz\u00edt\u0151 foglalkoz\u00e1s A tulip\u00e1n \u00e9jszaka \u00f6sszez\u00e1rja p\u00e1rt\u00e1j\u00e1t. A melegben kiny\u00edlik a vir\u00e1g p\u00e1rt\u00e1ja, a hidegben \u00f6sszez\u00e1r\u00f3dik. A faluban szalagos p\u00e1rt\u00e1t hordanak a l\u00e1nyok h\u00e9tk\u00f6znap. Az \u00fcnnepi, d\u00edszesebb p\u00e1rt\u00e1t gy\u00f6ngy\u00f6k [&hellip;]<\/p>\n","protected":false},"author":1,"featured_media":0,"parent":0,"menu_order":0,"comment_status":"closed","ping_status":"closed","template":"elementor_header_footer","meta":{"footnotes":""},"class_list":["post-476","page","type-page","status-publish","hentry"],"_links":{"self":[{"href":"https:\/\/www.janosiagnes.com\/index.php\/wp-json\/wp\/v2\/pages\/476","targetHints":{"allow":["GET"]}}],"collection":[{"href":"https:\/\/www.janosiagnes.com\/index.php\/wp-json\/wp\/v2\/pages"}],"about":[{"href":"https:\/\/www.janosiagnes.com\/index.php\/wp-json\/wp\/v2\/types\/page"}],"author":[{"embeddable":true,"href":"https:\/\/www.janosiagnes.com\/index.php\/wp-json\/wp\/v2\/users\/1"}],"replies":[{"embeddable":true,"href":"https:\/\/www.janosiagnes.com\/index.php\/wp-json\/wp\/v2\/comments?post=476"}],"version-history":[{"count":22,"href":"https:\/\/www.janosiagnes.com\/index.php\/wp-json\/wp\/v2\/pages\/476\/revisions"}],"predecessor-version":[{"id":2035,"href":"https:\/\/www.janosiagnes.com\/index.php\/wp-json\/wp\/v2\/pages\/476\/revisions\/2035"}],"wp:attachment":[{"href":"https:\/\/www.janosiagnes.com\/index.php\/wp-json\/wp\/v2\/media?parent=476"}],"curies":[{"name":"wp","href":"https:\/\/api.w.org\/{rel}","templated":true}]}}