{"id":1621,"date":"2024-07-25T10:28:01","date_gmt":"2024-07-25T10:28:01","guid":{"rendered":"https:\/\/www.janosiagnes.com\/?post_type=product&#038;p=1621"},"modified":"2026-03-08T11:05:26","modified_gmt":"2026-03-08T11:05:26","slug":"b","status":"publish","type":"product","link":"https:\/\/www.janosiagnes.com\/index.php\/product\/b\/","title":{"rendered":"Linen coat"},"content":{"rendered":"<p><span style=\"font-weight: 400;\">READY TO SHIP: <\/span><span style=\"font-weight: 400;\">other sizes and colours are open for PRE-ORDERS, please allow 14 days for the order to be made.<\/span><\/p>\n<p>&nbsp;<\/p>\n<p><span style=\"font-weight: 400;\">FIT MEASUREMENTS:<\/span><\/p>\n<p><a href=\"http:\/\/www.janosiagnes.com\/wp-content\/uploads\/2024\/07\/WhatsApp-Image-2024-11-10-at-14.42.10.jpeg\"><img fetchpriority=\"high\" decoding=\"async\" class=\"alignnone wp-image-1966 size-full\" src=\"http:\/\/www.janosiagnes.com\/wp-content\/uploads\/2024\/07\/WhatsApp-Image-2024-11-10-at-14.42.10.jpeg\" alt=\"\" width=\"1600\" height=\"800\" srcset=\"https:\/\/www.janosiagnes.com\/wp-content\/uploads\/2024\/07\/WhatsApp-Image-2024-11-10-at-14.42.10.jpeg 1600w, https:\/\/www.janosiagnes.com\/wp-content\/uploads\/2024\/07\/WhatsApp-Image-2024-11-10-at-14.42.10-300x150.jpeg 300w, https:\/\/www.janosiagnes.com\/wp-content\/uploads\/2024\/07\/WhatsApp-Image-2024-11-10-at-14.42.10-1024x512.jpeg 1024w, https:\/\/www.janosiagnes.com\/wp-content\/uploads\/2024\/07\/WhatsApp-Image-2024-11-10-at-14.42.10-768x384.jpeg 768w, https:\/\/www.janosiagnes.com\/wp-content\/uploads\/2024\/07\/WhatsApp-Image-2024-11-10-at-14.42.10-1536x768.jpeg 1536w, https:\/\/www.janosiagnes.com\/wp-content\/uploads\/2024\/07\/WhatsApp-Image-2024-11-10-at-14.42.10-600x300.jpeg 600w\" sizes=\"(max-width: 1600px) 100vw, 1600px\" \/><\/a><\/p>\n<p><span style=\"font-weight: 400;\">BEHIND THE SCENES &#8211; <\/span><span style=\"font-weight: 400;\">The garment is as beautiful as natural and ecological. <\/span><span style=\"font-weight: 400;\">Is hand cut and sewn in a small studio in Transylvania in Sepsiszentgy\u00f6rgy.<\/span><\/p>\n<p>&nbsp;<\/p>\n<p><span style=\"font-weight: 400;\">CARE RECOMMENDATIONS &#8211; <\/span><span style=\"font-weight: 400;\">Linen clothes can be machine washed at 30 degree, dry cleaned or even steamed, making it very easy to maintain the cleanliness of linen clothes.<\/span><\/p>\n","protected":false},"excerpt":{"rendered":"<p>This linen coat features a classic cut combined with the natural texture of linen, giving the garment a distinctive and timeless character. Lightweight and airy, it has a pleasant cooling effect, making it comfortable to wear throughout the day. It pairs beautifully with jeans as well as with elegant trousers.<\/p>\n<p>Thanks to its clean yet expressive design, it works equally well as an occasion outfit, a performance or stage garment, and as a highly stylish everyday streetwear piece.<\/p>\n<p>Len kab\u00e1t<\/p>\n<p>Klasszikus szab\u00e1sa \u00e9s a len term\u00e9szetes text\u00far\u00e1ja karaktert ad a ruhadarabnak. K\u00f6nny\u0171, l\u00e9gies anyaga h\u0171s\u00edt\u0151 hat\u00e1s\u00fa, \u00edgy eg\u00e9sz napos viseletre is ide\u00e1lis. Remek\u00fcl p\u00e1ros\u00edthat\u00f3 farmerekkel vagy eleg\u00e1ns nadr\u00e1gokkal.<\/p>\n<p>Letisztult, m\u00e9gis karakteres megjelen\u00e9s\u00e9nek k\u00f6sz\u00f6nhet\u0151en alkalmi \u00f6lt\u00f6zetk\u00e9nt, fell\u00e9p\u0151 ruhak\u00e9nt, valamint nagyon st\u00edlusos utcai viseletk\u00e9nt is t\u00f6k\u00e9letesen meg\u00e1llja a hely\u00e9t.<\/p>\n","protected":false},"featured_media":1619,"comment_status":"open","ping_status":"closed","template":"","meta":[],"product_brand":[],"product_cat":[38],"product_tag":[],"class_list":{"0":"post-1621","1":"product","2":"type-product","3":"status-publish","4":"has-post-thumbnail","6":"product_cat-coat","8":"first","9":"instock","10":"shipping-taxable","11":"purchasable","12":"product-type-simple"},"_links":{"self":[{"href":"https:\/\/www.janosiagnes.com\/index.php\/wp-json\/wp\/v2\/product\/1621","targetHints":{"allow":["GET"]}}],"collection":[{"href":"https:\/\/www.janosiagnes.com\/index.php\/wp-json\/wp\/v2\/product"}],"about":[{"href":"https:\/\/www.janosiagnes.com\/index.php\/wp-json\/wp\/v2\/types\/product"}],"replies":[{"embeddable":true,"href":"https:\/\/www.janosiagnes.com\/index.php\/wp-json\/wp\/v2\/comments?post=1621"}],"wp:featuredmedia":[{"embeddable":true,"href":"https:\/\/www.janosiagnes.com\/index.php\/wp-json\/wp\/v2\/media\/1619"}],"wp:attachment":[{"href":"https:\/\/www.janosiagnes.com\/index.php\/wp-json\/wp\/v2\/media?parent=1621"}],"wp:term":[{"taxonomy":"product_brand","embeddable":true,"href":"https:\/\/www.janosiagnes.com\/index.php\/wp-json\/wp\/v2\/product_brand?post=1621"},{"taxonomy":"product_cat","embeddable":true,"href":"https:\/\/www.janosiagnes.com\/index.php\/wp-json\/wp\/v2\/product_cat?post=1621"},{"taxonomy":"product_tag","embeddable":true,"href":"https:\/\/www.janosiagnes.com\/index.php\/wp-json\/wp\/v2\/product_tag?post=1621"}],"curies":[{"name":"wp","href":"https:\/\/api.w.org\/{rel}","templated":true}]}}