{"id":1662,"date":"2024-07-25T11:27:21","date_gmt":"2024-07-25T11:27:21","guid":{"rendered":"https:\/\/www.janosiagnes.com\/?post_type=product&#038;p=1662"},"modified":"2026-03-08T11:04:34","modified_gmt":"2026-03-08T11:04:34","slug":"kimono-dress-02","status":"publish","type":"product","link":"https:\/\/www.janosiagnes.com\/index.php\/product\/kimono-dress-02\/","title":{"rendered":"Kimono Dress #2"},"content":{"rendered":"<p>a<\/p>\n<p><span style=\"font-weight: 400;\">READY TO SHIP: <\/span><span style=\"font-weight: 400;\">other sizes and colours are open for PRE-ORDERS, please allow 14 days for the order to be made.<\/span><\/p>\n<p>&nbsp;<\/p>\n<p><span style=\"font-weight: 400;\">FIT MEASUREMENTS:<\/span><\/p>\n<p><a href=\"http:\/\/www.janosiagnes.com\/wp-content\/uploads\/2024\/07\/WhatsApp-Image-2024-11-10-at-14.42.10.jpeg\"><img fetchpriority=\"high\" decoding=\"async\" class=\"alignnone wp-image-1966 size-full\" src=\"http:\/\/www.janosiagnes.com\/wp-content\/uploads\/2024\/07\/WhatsApp-Image-2024-11-10-at-14.42.10.jpeg\" alt=\"\" width=\"1600\" height=\"800\" srcset=\"https:\/\/www.janosiagnes.com\/wp-content\/uploads\/2024\/07\/WhatsApp-Image-2024-11-10-at-14.42.10.jpeg 1600w, https:\/\/www.janosiagnes.com\/wp-content\/uploads\/2024\/07\/WhatsApp-Image-2024-11-10-at-14.42.10-300x150.jpeg 300w, https:\/\/www.janosiagnes.com\/wp-content\/uploads\/2024\/07\/WhatsApp-Image-2024-11-10-at-14.42.10-1024x512.jpeg 1024w, https:\/\/www.janosiagnes.com\/wp-content\/uploads\/2024\/07\/WhatsApp-Image-2024-11-10-at-14.42.10-768x384.jpeg 768w, https:\/\/www.janosiagnes.com\/wp-content\/uploads\/2024\/07\/WhatsApp-Image-2024-11-10-at-14.42.10-1536x768.jpeg 1536w, https:\/\/www.janosiagnes.com\/wp-content\/uploads\/2024\/07\/WhatsApp-Image-2024-11-10-at-14.42.10-600x300.jpeg 600w\" sizes=\"(max-width: 1600px) 100vw, 1600px\" \/><\/a><\/p>\n<p><span style=\"font-weight: 400;\">BEHIND THE SCENES &#8211; <\/span><span style=\"font-weight: 400;\">The garment is as beautiful as natural and ecological. <\/span><span style=\"font-weight: 400;\">Is hand cut and sewn in a small studio in Transylvania in Sepsiszentgy\u00f6rgy.<\/span><\/p>\n<p>&nbsp;<\/p>\n<p><span style=\"font-weight: 400;\">CARE RECOMMENDATIONS &#8211; <\/span><span style=\"font-weight: 400;\">Linen clothes can be machine washed at 30 degree, dry cleaned or even steamed, making it very easy to maintain the cleanliness of linen clothes.<\/span><\/p>\n","protected":false},"excerpt":{"rendered":"<p>Made from natural linen, cotton, and wool, this kimono is a piece that ensures sophistication and comfort. It is a stylish choice for everyday wear as well as for special occasions, available in classic lines and either unique patterns or solid colors.<\/p>\n<p>Kimono dress with eco print<\/p>\n<p>The lightweight kimono dress features unique botanical prints made with natural dyes. Its flowing silhouette and elegant sleeves ensure a comfortable fit for any occasion. Embrace eco-friendly fashion with this versatile piece that celebrates nature and artistry. Perfect for layering or wearing solo, it\u2019s a timeless addition to your wardrobe.<\/p>\n<p>Kimono ruha<\/p>\n<p>A term\u00e9szetes len, pamut \u00e9s gyapj\u00fa alapanyagokb\u00f3l k\u00e9sz\u00fclt Kimono egy kifinomults\u00e1got \u00e9s k\u00e9nyelmet biztos\u00edt\u00f3 darab. H\u00e9tk\u00f6znapokban, de k\u00fcl\u00f6nleges alkalmakkor is st\u00edlusos viselet, klasszikus vonalaival, \u00e9s egyedi mint\u00e1val vagy letisztult egysz\u00edn\u0171 v\u00e1ltozatban is.<\/p>\n<p>Eco printes kimono ruha #2<\/p>\n<p>Egyedi botanikai mint\u00e1kkal, amelyeket term\u00e9szetes n\u00f6v\u00e9nyi nyomatokkal k\u00e9sz\u00edtettem. L\u00e1gysziluettje \u00e9s eleg\u00e1ns ujjai k\u00e9nyelmes viseletet biztos\u00edtanak b\u00e1rmilyen alkalomra. id\u0151tlen darabja lesz a ruhat\u00e1radnak.<\/p>\n","protected":false},"featured_media":1669,"comment_status":"open","ping_status":"closed","template":"","meta":[],"product_brand":[],"product_cat":[35],"product_tag":[],"class_list":{"0":"post-1662","1":"product","2":"type-product","3":"status-publish","4":"has-post-thumbnail","6":"product_cat-kimono","8":"first","9":"instock","10":"shipping-taxable","11":"purchasable","12":"product-type-simple"},"_links":{"self":[{"href":"https:\/\/www.janosiagnes.com\/index.php\/wp-json\/wp\/v2\/product\/1662","targetHints":{"allow":["GET"]}}],"collection":[{"href":"https:\/\/www.janosiagnes.com\/index.php\/wp-json\/wp\/v2\/product"}],"about":[{"href":"https:\/\/www.janosiagnes.com\/index.php\/wp-json\/wp\/v2\/types\/product"}],"replies":[{"embeddable":true,"href":"https:\/\/www.janosiagnes.com\/index.php\/wp-json\/wp\/v2\/comments?post=1662"}],"wp:featuredmedia":[{"embeddable":true,"href":"https:\/\/www.janosiagnes.com\/index.php\/wp-json\/wp\/v2\/media\/1669"}],"wp:attachment":[{"href":"https:\/\/www.janosiagnes.com\/index.php\/wp-json\/wp\/v2\/media?parent=1662"}],"wp:term":[{"taxonomy":"product_brand","embeddable":true,"href":"https:\/\/www.janosiagnes.com\/index.php\/wp-json\/wp\/v2\/product_brand?post=1662"},{"taxonomy":"product_cat","embeddable":true,"href":"https:\/\/www.janosiagnes.com\/index.php\/wp-json\/wp\/v2\/product_cat?post=1662"},{"taxonomy":"product_tag","embeddable":true,"href":"https:\/\/www.janosiagnes.com\/index.php\/wp-json\/wp\/v2\/product_tag?post=1662"}],"curies":[{"name":"wp","href":"https:\/\/api.w.org\/{rel}","templated":true}]}}