{"id":1720,"date":"2024-07-25T12:25:30","date_gmt":"2024-07-25T12:25:30","guid":{"rendered":"https:\/\/www.janosiagnes.com\/?post_type=product&#038;p=1720"},"modified":"2026-03-08T11:01:47","modified_gmt":"2026-03-08T11:01:47","slug":"mm","status":"publish","type":"product","link":"https:\/\/www.janosiagnes.com\/index.php\/product\/mm\/","title":{"rendered":"Hemp Waist Bag #1"},"content":{"rendered":"","protected":false},"excerpt":{"rendered":"<p>This waist bag is made from hemp material, giving it a modern look with its textured fabric and<br \/>\nclean design. With practical pockets and an adjustable strap, it ensures comfortable wear.<\/p>\n<p>Kender \u00f6vt\u00e1ska #1<br \/>\nEz a kender anyagb\u00f3l k\u00e9sz\u00fclt \u00f6vt\u00e1ska, az anyag text\u00far\u00e1j\u00e1val \u00e9s a letisztult designnal modern<br \/>\nmegjelen\u00e9st k\u00f6lcs\u00f6n\u00f6z. Praktikus zsebeivel \u00e9s \u00e1ll\u00edthat\u00f3 \u00f6v\u00e9vel k\u00e9nyelmes viseletet biztos\u00edt.<\/p>\n","protected":false},"featured_media":1745,"comment_status":"open","ping_status":"closed","template":"","meta":[],"product_brand":[],"product_cat":[41],"product_tag":[],"class_list":{"0":"post-1720","1":"product","2":"type-product","3":"status-publish","4":"has-post-thumbnail","6":"product_cat-belt-bag","8":"first","9":"instock","10":"shipping-taxable","11":"purchasable","12":"product-type-simple"},"_links":{"self":[{"href":"https:\/\/www.janosiagnes.com\/index.php\/wp-json\/wp\/v2\/product\/1720","targetHints":{"allow":["GET"]}}],"collection":[{"href":"https:\/\/www.janosiagnes.com\/index.php\/wp-json\/wp\/v2\/product"}],"about":[{"href":"https:\/\/www.janosiagnes.com\/index.php\/wp-json\/wp\/v2\/types\/product"}],"replies":[{"embeddable":true,"href":"https:\/\/www.janosiagnes.com\/index.php\/wp-json\/wp\/v2\/comments?post=1720"}],"wp:featuredmedia":[{"embeddable":true,"href":"https:\/\/www.janosiagnes.com\/index.php\/wp-json\/wp\/v2\/media\/1745"}],"wp:attachment":[{"href":"https:\/\/www.janosiagnes.com\/index.php\/wp-json\/wp\/v2\/media?parent=1720"}],"wp:term":[{"taxonomy":"product_brand","embeddable":true,"href":"https:\/\/www.janosiagnes.com\/index.php\/wp-json\/wp\/v2\/product_brand?post=1720"},{"taxonomy":"product_cat","embeddable":true,"href":"https:\/\/www.janosiagnes.com\/index.php\/wp-json\/wp\/v2\/product_cat?post=1720"},{"taxonomy":"product_tag","embeddable":true,"href":"https:\/\/www.janosiagnes.com\/index.php\/wp-json\/wp\/v2\/product_tag?post=1720"}],"curies":[{"name":"wp","href":"https:\/\/api.w.org\/{rel}","templated":true}]}}