{"id":1751,"date":"2024-07-25T12:30:50","date_gmt":"2024-07-25T12:30:50","guid":{"rendered":"https:\/\/www.janosiagnes.com\/?post_type=product&#038;p=1751"},"modified":"2024-12-11T08:38:20","modified_gmt":"2024-12-11T08:38:20","slug":"leather-bag-women-leather-bag","status":"publish","type":"product","link":"https:\/\/www.janosiagnes.com\/index.php\/product\/leather-bag-women-leather-bag\/","title":{"rendered":"Leather Bag, Women Leather Bag"},"content":{"rendered":"<p>Measurements:<br \/>\nWidth top of the bag \/ T\u00e1ska fels\u0151 sz\u00e9less\u00e9ge: 38cm (14.9&#8243;)<br \/>\nWidth bottom of the bag \/ T\u00e1ska als\u00f3 sz\u00e9less\u00e9ge: 12cm (4.72&#8243;)<br \/>\nHeight \/ Magass\u00e1g: 42cm (16.5&#8243;)<br \/>\nDepth \/ M\u00e9lys\u00e9g: 11cm (4.3&#8243;)<br \/>\nStrap measurements \/ P\u00e1nt m\u00e9retek:<br \/>\nStrap length \/ P\u00e1nt hossz\u00fas\u00e1ga: 71cm (27.9&#8243;)<br \/>\nStrap width \/ P\u00e1nt sz\u00e9less\u00e9ge: 3cm (1.18&#8243;)<br \/>\nStrap drop length from shoulder \/ P\u00e1nt es\u00e9s hossza a v\u00e1llr\u00f3l: 27cm (10.62&#8243;)<\/p>\n","protected":false},"excerpt":{"rendered":"<p>This leather bag is a stylish and versatile accessory made from high-quality, durable leather. It features a<br \/>\nsmooth or textured finish, highlighting the natural grain or a polished surface.\u00a0Available from classic<br \/>\nbrowns and blacks to cream and earth colours, leather bags are both functional\u00a0and fashionable, suitable<br \/>\nfor both casual and formal settings. It ages beautifully, and can take you from work to play!<\/p>\n<p><em>N\u0151i B\u0151r T\u00e1ska<\/em><br \/>\n<em>Ez a b\u0151r t\u00e1ska st\u00edlusos \u00e9s sokoldal\u00fa kieg\u00e9sz\u00edt\u0151, amely kiv\u00e1l\u00f3 min\u0151s\u00e9g\u0171, tart\u00f3s\u00a0b\u0151rb\u0151l k\u00e9sz\u00fclt.<\/em><br \/>\n<em>Sim\u00edtott vagy textur\u00e1lt fel\u00fclettel rendelkezik, kiemelve a term\u00e9szetes erezetet vagy\u00a0egy pol\u00edrozott<\/em><br \/>\n<em>megjelen\u00e9st k\u00f6lcs\u00f6n\u00f6zve neki. Klasszikus barna \u00e9s fekete, valamint kr\u00e9m \u00e9s f\u00f6ld\u00a0sz\u00ednekben kaphat\u00f3. A b\u0151r t\u00e1sk\u00e1k mind funkcion\u00e1lisak, mind divatosak, alkalmasak h\u00e9tk\u00f6znapi\u00a0vagy<\/em><br \/>\n<em>form\u00e1lis k\u00f6rnyezetben. Sz\u00e9pen \u00f6regszik, \u00edgy munkahelyi \u00e9s szabadid\u0151s\u00a0tev\u00e9kenys\u00e9gekhez<\/em><br \/>\n<em>egyar\u00e1nt haszn\u00e1lhat\u00f3!<\/em><\/p>\n<p>&nbsp;<\/p>\n","protected":false},"featured_media":1752,"comment_status":"open","ping_status":"closed","template":"","meta":[],"product_brand":[],"product_cat":[42],"product_tag":[],"class_list":{"0":"post-1751","1":"product","2":"type-product","3":"status-publish","4":"has-post-thumbnail","6":"product_cat-bags","8":"first","9":"instock","10":"shipping-taxable","11":"purchasable","12":"product-type-simple"},"_links":{"self":[{"href":"https:\/\/www.janosiagnes.com\/index.php\/wp-json\/wp\/v2\/product\/1751","targetHints":{"allow":["GET"]}}],"collection":[{"href":"https:\/\/www.janosiagnes.com\/index.php\/wp-json\/wp\/v2\/product"}],"about":[{"href":"https:\/\/www.janosiagnes.com\/index.php\/wp-json\/wp\/v2\/types\/product"}],"replies":[{"embeddable":true,"href":"https:\/\/www.janosiagnes.com\/index.php\/wp-json\/wp\/v2\/comments?post=1751"}],"wp:featuredmedia":[{"embeddable":true,"href":"https:\/\/www.janosiagnes.com\/index.php\/wp-json\/wp\/v2\/media\/1752"}],"wp:attachment":[{"href":"https:\/\/www.janosiagnes.com\/index.php\/wp-json\/wp\/v2\/media?parent=1751"}],"wp:term":[{"taxonomy":"product_brand","embeddable":true,"href":"https:\/\/www.janosiagnes.com\/index.php\/wp-json\/wp\/v2\/product_brand?post=1751"},{"taxonomy":"product_cat","embeddable":true,"href":"https:\/\/www.janosiagnes.com\/index.php\/wp-json\/wp\/v2\/product_cat?post=1751"},{"taxonomy":"product_tag","embeddable":true,"href":"https:\/\/www.janosiagnes.com\/index.php\/wp-json\/wp\/v2\/product_tag?post=1751"}],"curies":[{"name":"wp","href":"https:\/\/api.w.org\/{rel}","templated":true}]}}